{"id":118801,"date":"2023-04-11T05:46:13","date_gmt":"2023-04-11T05:46:13","guid":{"rendered":"https:\/\/lotussailing.com\/?page_id=118801"},"modified":"2025-06-24T19:58:20","modified_gmt":"2025-06-24T19:58:20","slug":"zeilreizen-lotus-waterwolf","status":"publish","type":"page","link":"https:\/\/lotussailing.com\/nl\/zeilreizen-lotus-waterwolf\/","title":{"rendered":"Aanbod Zeilreizen"},"content":{"rendered":"<div class=\"wpb-content-wrapper\"><p>[vc_row][vc_column width=&#8221;1\/2&#8243;][vc_empty_space empty_h=&#8221;1&#8243;][vc_column_text text_lead=&#8221;yes&#8221; uncode_shortcode_id=&#8221;159045&#8243;]<\/p>\n<h1>EEN OF MEERDERE DAGEN ZEILEN OP EEN AUTHENTIEK ZEILSCHIP<\/h1>\n<p>Waar de \u00e9\u00e9n aan boord weken kan genieten, is de ander al na \u00e9\u00e9n of een paar dagen uitgekeken. Zeilen hoeft niet in je hart en nieren te zitten om langer of korter te varen. Het is genieten voor iedereen, van jong tot oud en jij bepaald hoe lang je dat wilt doen. Daarom hebben we standaard en maatwerk arrangementen.[\/vc_column_text][\/vc_column][vc_column width=&#8221;1\/2&#8243;][vc_gallery el_id=&#8221;gallery-667893&#8243; type=&#8221;carousel&#8221; medias=&#8221;118786,118743,118700,118608,118587,118584,118560,118536,118488,118476,118470,118452,118446&#8243; carousel_lg=&#8221;1&#8243; carousel_md=&#8221;1&#8243; carousel_sm=&#8221;1&#8243; thumb_size=&#8221;four-three&#8221; gutter_size=&#8221;3&#8243; carousel_interval=&#8221;3000&#8243; carousel_navspeed=&#8221;400&#8243; carousel_loop=&#8221;yes&#8221; carousel_nav=&#8221;yes&#8221; stage_padding=&#8221;0&#8243; single_overlay_opacity=&#8221;50&#8243; single_padding=&#8221;2&#8243; uncode_shortcode_id=&#8221;189960&#8243;][\/vc_column][\/vc_row][vc_row row_height_percent=&#8221;0&#8243; overlay_alpha=&#8221;50&#8243; gutter_size=&#8221;3&#8243; column_width_percent=&#8221;100&#8243; shift_y=&#8221;0&#8243; z_index=&#8221;0&#8243; enable_bottom_divider=&#8221;default&#8221; bottom_divider=&#8221;waves&#8221; shape_bottom_h_use_pixel=&#8221;&#8221; shape_bottom_height=&#8221;150&#8243; shape_bottom_opacity=&#8221;100&#8243; shape_bottom_index=&#8221;0&#8243; uncode_shortcode_id=&#8221;769512&#8243; shape_bottom_color_type=&#8221;uncode-solid&#8221; shape_bottom_color_solid=&#8221;#f7f7f7&#8243; css=&#8221;.vc_custom_1681199585840{padding-bottom: 100px !important;}&#8221;][vc_column width=&#8221;1\/1&#8243;][vc_custom_heading separator=&#8221;yes&#8221; uncode_shortcode_id=&#8221;194524&#8243;]<\/p>\n<p style=\"text-align: center;\">ONZE STANDAARD ARRANGEMENTEN<\/p>\n<p>[\/vc_custom_heading][\/vc_column][\/vc_row][vc_row row_height_percent=&#8221;0&#8243; overlay_alpha=&#8221;50&#8243; gutter_size=&#8221;3&#8243; column_width_percent=&#8221;100&#8243; shift_y=&#8221;0&#8243; z_index=&#8221;0&#8243; uncode_shortcode_id=&#8221;192304&#8243; back_color_type=&#8221;uncode-solid&#8221; back_color_solid=&#8221;#f7f7f7&#8243; css=&#8221;.vc_custom_1681199608527{padding-top: 60px !important;padding-bottom: 60px !important;}&#8221;][vc_column width=&#8221;1\/2&#8243;][vc_column_text text_lead=&#8221;yes&#8221; uncode_shortcode_id=&#8221;144359&#8243;]<\/p>\n<h3>EEN DAGTOCHT OP DE WADDENZEE OF HET IJSSELMEER<\/h3>\n<p>Dagtochten beginnen rond 10 uur \u2018s morgens en duren tot het einde van de middag. Tenzij je wilt genieten van een royale barbecue of diner aan boord. We varen uit vanaf Harlingen en besluiten vooraf welke locaties in het dagprogramma passen.<\/p>\n<p>Voor de cultuurliefhebbers is het bijvoorbeeld het openluchtmuseum <a href=\"https:\/\/www.batavialand.nl\/\">Batavialand<\/a> in Lelystad of kunnen we naar de traditionele <a href=\"https:\/\/lotussailing.com\/nl\/zeilen-op-het-ijsselmeer-of-het-markermeer\/hoorn-havenstad-aan-het-markermeer\/\">VOC havenstad Hoorn<\/a> waar een ware replicatie uit 1600 ligt.<\/p>\n<p>Natuurliefhebbers kunnen onder andere hun hart ophalen tijdens een wandeling met gids op <a href=\"https:\/\/lotussailing.com\/nl\/zeilen-op-het-ijsselmeer-of-het-markermeer\/de-beste-plekken-om-bijzondere-vogels-te-spotten-op-de-marker-wadden\/\">de Marker Wadden<\/a>. Hier leer je alles over de flora en fauna van dit nieuwe natuurgebied.<\/p>\n<p>Voor de zeilers of hen die dat willen leren begint het zeilavontuur zodra de trossen los gaan. De dag wordt zo actief als jij dat wilt met bestemming \u201cde horizon\u201d.<\/p>\n<p>Een dagtocht vanuit Harlingen kan bestaan uit een bezoek aan de Waddeneilanden Terschelling of <a href=\"https:\/\/lotussailing.com\/nl\/zeilen-op-de-waddenzee\/wat-is-er-allemaal-te-beleven-op-vlieland\/\">Vlieland<\/a>. Bij een gunstig tij kun je ook uit wadlopen over een van de vele zandbanken of een duinwandeling of fietstocht maken. Je kunt natuurlijk ook lekker aan boord blijven en al luierend genieten van het uitzicht.[\/vc_column_text][vc_button button_color=&#8221;color-jevc&#8221; size=&#8221;btn-lg&#8221; radius=&#8221;btn-default-shape&#8221; hover_fx=&#8221;outlined&#8221; border_width=&#8221;0&#8243; link=&#8221;url:https%3A%2F%2Flotussailing.com%2Fnl%2Fboek-nu-een-zeilreis%2F|title:Contact&#8221; button_color_type=&#8221;uncode-palette&#8221; uncode_shortcode_id=&#8221;194492&#8243;]Boek nu vanaf \u20ac60,&#8211; pp[\/vc_button][\/vc_column][vc_column width=&#8221;1\/2&#8243;][vc_single_image media=&#8221;118422&#8243; media_width_percent=&#8221;100&#8243; uncode_shortcode_id=&#8221;424764&#8243;][\/vc_column][\/vc_row][vc_row row_height_percent=&#8221;0&#8243; overlay_alpha=&#8221;50&#8243; gutter_size=&#8221;3&#8243; column_width_percent=&#8221;100&#8243; shift_y=&#8221;0&#8243; z_index=&#8221;0&#8243; enable_top_divider=&#8221;default&#8221; top_divider=&#8221;waves&#8221; shape_top_h_use_pixel=&#8221;&#8221; shape_top_height=&#8221;150&#8243; shape_top_opacity=&#8221;100&#8243; shape_top_index=&#8221;0&#8243; enable_bottom_divider=&#8221;default&#8221; bottom_divider=&#8221;hills&#8221; shape_bottom_h_use_pixel=&#8221;&#8221; shape_bottom_height=&#8221;150&#8243; shape_bottom_opacity=&#8221;100&#8243; shape_bottom_index=&#8221;0&#8243; uncode_shortcode_id=&#8221;202804&#8243; shape_top_color_type=&#8221;uncode-solid&#8221; shape_top_color_solid=&#8221;#f7f7f7&#8243; css=&#8221;.vc_custom_1681199651041{padding-top: 180px !important;padding-bottom: 160px !important;}&#8221; shape_bottom_color_type=&#8221;uncode-solid&#8221; shape_bottom_color_solid=&#8221;#f7f7f7&#8243;][vc_column width=&#8221;1\/1&#8243;][vc_column_text text_lead=&#8221;yes&#8221; uncode_shortcode_id=&#8221;176074&#8243;]<\/p>\n<h2 style=\"text-align: center;\">EEN WEEKEND OF EEN WEEK ZEILEN<\/h2>\n<p style=\"text-align: center;\">Meer dagen aan boord betekent niet alleen meer zien en beleven, maar ook dat je meer leert over zeilen en <a href=\"https:\/\/www.calltheone.com\/nl\/lokale-mensen\/hoe-is-het-nederlandse-waddengebied-ontstaan\">het Waddengebied<\/a> of het IJsselmeer. Tijdens een meerdaagse zeiltocht kun je alle Waddeneilanden bezoeken en bij een heldere nacht \u2018s nachts onder de sterrenhemel varen.<\/p>\n<p style=\"text-align: center;\"><img decoding=\"async\" class=\"alignnone size-full wp-image-118697\" src=\"https:\/\/lotussailing.com\/wp-content\/uploads\/2023\/04\/comfort.jpg\" alt=\"\" width=\"960\" height=\"240\" srcset=\"https:\/\/lotussailing.com\/wp-content\/uploads\/2023\/04\/comfort.jpg 960w, https:\/\/lotussailing.com\/wp-content\/uploads\/2023\/04\/comfort-300x75.jpg 300w, https:\/\/lotussailing.com\/wp-content\/uploads\/2023\/04\/comfort-768x192.jpg 768w, https:\/\/lotussailing.com\/wp-content\/uploads\/2023\/04\/comfort-350x88.jpg 350w\" sizes=\"(max-width: 960px) 100vw, 960px\" \/><\/p>\n<p style=\"text-align: center;\">Wat je kunt zien en waar we aanleggen hangt af van het plan dat we samen opstellen, de veranderende wind en de getijden. Daarom kan een meerdaagse zeiltocht per dag veranderen, want we willen wel de wind in de zeilen houden.<\/p>\n<p>[\/vc_column_text][\/vc_column][\/vc_row][vc_row row_height_percent=&#8221;0&#8243; overlay_alpha=&#8221;50&#8243; gutter_size=&#8221;3&#8243; column_width_percent=&#8221;100&#8243; shift_y=&#8221;0&#8243; z_index=&#8221;0&#8243; uncode_shortcode_id=&#8221;901675&#8243; back_color_type=&#8221;uncode-solid&#8221; back_color_solid=&#8221;#f7f7f7&#8243; css=&#8221;.vc_custom_1681199661301{padding-top: 60px !important;}&#8221;][vc_column width=&#8221;1\/2&#8243;][vc_column_text text_lead=&#8221;yes&#8221; uncode_shortcode_id=&#8221;200594&#8243;]<\/p>\n<h3>EEN WEEKENDJE WEG AAN BOORD VAN EEN AUTHENTIEK ZEILSCHIP<\/h3>\n<p>Tijdens een weekendje weg, stap je doorgaans op vrijdagavond aan boord en zondagmiddag leggen we weer aan in <a href=\"https:\/\/lotussailing.com\/nl\/zeilen-op-de-waddenzee\/vakantie-tips-over-de-haven-van-harlingen\/\">Harlingen<\/a> of Enkhuizen.<\/p>\n<p>Op Zaterdagochtend worden eerst het weerbericht en de windvoorspellingen gedeeld om te bepalen welke koers er gevaren kan worden. Nadat de trossen gelost worden zetten we zeil naar een van <a href=\"https:\/\/lotussailing.com\/nl\/zeilen-op-de-waddenzee\/op-vakantie-naar-een-van-de-vijf-wadden-eilanden\/\">de Waddeneilanden<\/a> of deinen we over het IJsselmeer op weg naar een van de vele havensteden.[\/vc_column_text][vc_button button_color=&#8221;color-jevc&#8221; size=&#8221;btn-lg&#8221; radius=&#8221;btn-default-shape&#8221; hover_fx=&#8221;outlined&#8221; border_width=&#8221;0&#8243; link=&#8221;url:https%3A%2F%2Flotussailing.com%2Fnl%2Fboek-nu-een-zeilreis%2F|title:Contact&#8221; button_color_type=&#8221;uncode-palette&#8221; uncode_shortcode_id=&#8221;177679&#8243;]Boek nu vanaf \u20ac315,&#8211; p.p.[\/vc_button][\/vc_column][vc_column width=&#8221;1\/2&#8243;][vc_single_image media=&#8221;118443&#8243; media_width_percent=&#8221;100&#8243; uncode_shortcode_id=&#8221;293500&#8243;][\/vc_column][\/vc_row][vc_row row_height_percent=&#8221;0&#8243; overlay_alpha=&#8221;50&#8243; gutter_size=&#8221;3&#8243; column_width_percent=&#8221;100&#8243; shift_y=&#8221;0&#8243; z_index=&#8221;0&#8243; uncode_shortcode_id=&#8221;573665&#8243; back_color_type=&#8221;uncode-solid&#8221; back_color_solid=&#8221;#f7f7f7&#8243;][vc_column width=&#8221;1\/2&#8243;][vc_column_text text_lead=&#8221;yes&#8221; uncode_shortcode_id=&#8221;159337&#8243;]<\/p>\n<h3>EEN WEEK OF LANGER VAKANTIE IN EIGEN LAND<\/h3>\n<p>Voor de echte zeil-, en natuurliefhebbers is het een lust om een week of langer vakantie in eigen land te vieren op een van onze authentiek zeilschepen. Tijdens deze zwerftocht over <a href=\"https:\/\/lotussailing.com\/nl\/zeilen-op-de-waddenzee\/zeilen-op-de-waddenzee-met-een-leuke-groep-mensen\/\">de Waddenzee<\/a> wordt elke dag bepaald door veranderende getijden en windrichtingen. Het summum van <a href=\"https:\/\/lotussailing.com\/nl\/zeilen-op-de-waddenzee\/de-filosofie-achter-slow-travel\/\">slow travel<\/a>! Dankzij de eindeloze passie en ervaring van de kapitein die hier ronduit over weet te vertellen, wordt je dagelijks bevangen door de schoonheid van de natuur en de rijke historie van het Waddengebied.<\/p>\n<p>Een week of langer zeilen is een afwisseling tussen natuur, cultuur, inspanning en ontspanning. Je vaart door geultjes waar weinig andere schepen kunnen komen en gaat \u2018s avond voor anker op de open zee of meert aan in een van de vele havens. Langere zeilreizen is iets dat je samen doet. Jij, wij en het zeilschip.[\/vc_column_text][vc_button button_color=&#8221;color-jevc&#8221; size=&#8221;btn-lg&#8221; radius=&#8221;btn-default-shape&#8221; hover_fx=&#8221;outlined&#8221; border_width=&#8221;0&#8243; link=&#8221;url:https%3A%2F%2Flotussailing.com%2Fnl%2Fboek-nu-een-zeilreis%2F|title:Contact&#8221; button_color_type=&#8221;uncode-palette&#8221; uncode_shortcode_id=&#8221;203313&#8243;]Boek nu vanaf \u20ac750,&#8211; p.p.[\/vc_button][\/vc_column][vc_column width=&#8221;1\/2&#8243;][vc_single_image media=&#8221;118425&#8243; media_width_percent=&#8221;100&#8243; uncode_shortcode_id=&#8221;711921&#8243;][\/vc_column][\/vc_row][vc_row row_height_percent=&#8221;0&#8243; overlay_alpha=&#8221;50&#8243; gutter_size=&#8221;3&#8243; column_width_percent=&#8221;100&#8243; shift_y=&#8221;0&#8243; z_index=&#8221;0&#8243; enable_top_divider=&#8221;default&#8221; top_divider=&#8221;hills&#8221; shape_top_h_use_pixel=&#8221;&#8221; shape_top_height=&#8221;150&#8243; shape_top_opacity=&#8221;100&#8243; shape_top_index=&#8221;0&#8243; uncode_shortcode_id=&#8221;874280&#8243; css=&#8221;.vc_custom_1681199702050{padding-top: 140px !important;}&#8221; shape_top_color_type=&#8221;uncode-solid&#8221; shape_top_color_solid=&#8221;#f7f7f7&#8243;][vc_column width=&#8221;1\/1&#8243;][vc_column_text text_lead=&#8221;yes&#8221; uncode_shortcode_id=&#8221;185513&#8243;]<\/p>\n<h3 style=\"text-align: center;\">OVERIGE MOGELIJKHEDEN<\/h3>\n<p style=\"text-align: center;\">Zeilboten zijn uitermate geschikt voor groepen zoals een schoolklas, <a href=\"https:\/\/lotussailing.com\/nl\/zeilen-op-de-waddenzee\/de-10-leukste-dingen-om-te-doen-tijdens-een-bedrijfsuitje-op-een-zeilschip\/\">bedrijven<\/a>, verenigingen of een groep vrienden. De intimiteit van het zeilschip brengt mensen samen en cre\u00ebert verbinding. Op of buiten het schip, want samen hijs je de zeilen of bestorm je de kroegen van een van de vele havens. Zeilen is iets voor iedereen.<\/p>\n<p>[\/vc_column_text][vc_button button_color=&#8221;color-jevc&#8221; size=&#8221;btn-lg&#8221; radius=&#8221;btn-default-shape&#8221; hover_fx=&#8221;outlined&#8221; border_width=&#8221;0&#8243; link=&#8221;url:https%3A%2F%2Flotussailing.com%2Fnl%2Fboek-nu-een-zeilreis%2F|title:Contact&#8221; button_color_type=&#8221;uncode-palette&#8221; uncode_shortcode_id=&#8221;192761&#8243; el_class=&#8221;centered&#8221;]Neem contact op om de mogelijkheden te bespreken[\/vc_button][\/vc_column][\/vc_row][vc_row][vc_column width=&#8221;1\/1&#8243;][vc_empty_space empty_h=&#8221;1&#8243;][vc_custom_heading text_font=&#8221;font-377884&#8243; uncode_shortcode_id=&#8221;331748&#8243;]<\/p>\n<h3 class=\"has-text-align-center padding-top-md\" style=\"text-align: center;\">SPECIAL\u00a0DEALS\u00a0EN LAST-MINUTE AANBIEDINGEN<\/h3>\n<p>[\/vc_custom_heading][vc_empty_space empty_h=&#8221;1&#8243;][vc_row_inner][vc_column_inner column_width_percent=&#8221;100&#8243; gutter_size=&#8221;3&#8243; overlay_alpha=&#8221;50&#8243; shift_x=&#8221;0&#8243; shift_y=&#8221;0&#8243; shift_y_down=&#8221;0&#8243; z_index=&#8221;0&#8243; medium_width=&#8221;0&#8243; mobile_width=&#8221;0&#8243; width=&#8221;1\/3&#8243; uncode_shortcode_id=&#8221;146171&#8243;][vc_single_image media=&#8221;122824&#8243; media_width_percent=&#8221;100&#8243; uncode_shortcode_id=&#8221;190015&#8243;][vc_column_text uncode_shortcode_id=&#8221;146304&#8243;]<\/p>\n<h4>BEDRIJFSUITJES &amp; DAGTOCHTEN<\/h4>\n<ul>\n<li>Te boeken het hele jaar door!<\/li>\n<li>Ontdek wat <a href=\"https:\/\/lotussailing.com\/nl\/zeilen-op-de-waddenzee\/de-10-leukste-dingen-om-te-doen-tijdens-een-bedrijfsuitje-op-een-zeilschip\/\">een dagje zeilen voor je team kan doen<\/a><\/li>\n<li>Vanuit de Randstad, het IJsselmeer op!<\/li>\n<li>All-inclusive<\/li>\n<li>Vanaf \u20ac99,&#8211; pp<\/li>\n<\/ul>\n<p>[\/vc_column_text][\/vc_column_inner][vc_column_inner column_width_percent=&#8221;100&#8243; gutter_size=&#8221;3&#8243; overlay_alpha=&#8221;50&#8243; shift_x=&#8221;0&#8243; shift_y=&#8221;0&#8243; shift_y_down=&#8221;0&#8243; z_index=&#8221;0&#8243; medium_width=&#8221;0&#8243; mobile_width=&#8221;0&#8243; width=&#8221;1\/3&#8243; uncode_shortcode_id=&#8221;993993&#8243;][vc_single_image media=&#8221;122818&#8243; media_width_percent=&#8221;100&#8243; uncode_shortcode_id=&#8221;624935&#8243;][vc_column_text uncode_shortcode_id=&#8221;205889&#8243;]<\/p>\n<h4>ZOMERWEEK ZEILEN<\/h4>\n<ul>\n<li><a href=\"https:\/\/www.hollandsail.nl\/meezeilreizen\/16868\/week-zeilen-op-het-ijsselmeer-waddenzee\" target=\"_blank\" rel=\"noopener\">Vrijdag 15 augustus t\/m vrijdag\u00a0 22 augustus 2025<\/a><\/li>\n<li>8 dagen zeilen naar <a href=\"https:\/\/lotussailing.com\/nl\/zeilen-op-de-waddenzee\/de-leukste-stranden-rondom-de-nederlandse-waddeneilanden\/\">de leukste stranden van de Waddeneilanden<\/a><\/li>\n<li>All-inclusive<\/li>\n<li>Vanaf \u20ac785&#8211; p.p.<\/li>\n<\/ul>\n<p>[\/vc_column_text][\/vc_column_inner][vc_column_inner width=&#8221;1\/3&#8243;][vc_single_image media=&#8221;118783&#8243; media_width_percent=&#8221;100&#8243; uncode_shortcode_id=&#8221;123795&#8243;][vc_column_text uncode_shortcode_id=&#8221;113665&#8243;]<\/p>\n<h4>EEN HERFST MIDWEEK ZEILEN<\/h4>\n<ul>\n<li><a href=\"https:\/\/www.hollandsail.nl\/meezeilreizen\/16925\/lang-weekend-zeilen-op-het-ijsselmeer-waddenzee\" target=\"_blank\" rel=\"noopener\">Zondag 12 oktober t\/m vrijdag 16 oktober 2025<\/a><\/li>\n<li><a href=\"https:\/\/lotussailing.com\/nl\/zeilen-op-de-waddenzee\/uitwaaien-met-volle-zeilen-een-midweek-zeilen-in-de-herfst\/\">Uitwaaien in de herfst aan boord van de Waterwolf<\/a><\/li>\n<li>All-inclusive<\/li>\n<li>Vanaf \u20ac518&#8211; p.p.<\/li>\n<\/ul>\n<p>[\/vc_column_text][\/vc_column_inner][\/vc_row_inner][vc_button button_color=&#8221;color-jevc&#8221; size=&#8221;btn-lg&#8221; radius=&#8221;btn-default-shape&#8221; hover_fx=&#8221;outlined&#8221; border_width=&#8221;0&#8243; link=&#8221;url:https%3A%2F%2Flotussailing.com%2Fboek-nu-een-zeilreis%2F|title:Contact&#8221; button_color_type=&#8221;uncode-palette&#8221; uncode_shortcode_id=&#8221;172756&#8243; el_class=&#8221;centered&#8221;]Neem contact op om de mogelijkheden te bespreken[\/vc_button][vc_empty_space empty_h=&#8221;3&#8243;][\/vc_column][\/vc_row]<\/p>\n<\/div>","protected":false},"excerpt":{"rendered":"<p>[vc_row][vc_column width=&#8221;1\/2&#8243;][vc_empty_space empty_h=&#8221;1&#8243;][vc_column_text text_lead=&#8221;yes&#8221; uncode_shortcode_id=&#8221;159045&#8243;] EEN OF MEERDERE DAGEN ZEILEN OP EEN AUTHENTIEK ZEILSCHIP Waar de \u00e9\u00e9n aan boord weken [&hellip;]<\/p>\n","protected":false},"author":1,"featured_media":0,"parent":0,"menu_order":0,"comment_status":"closed","ping_status":"closed","template":"","meta":{"footnotes":""},"class_list":["post-118801","page","type-page","status-publish","hentry"],"_links":{"self":[{"href":"https:\/\/lotussailing.com\/nl\/wp-json\/wp\/v2\/pages\/118801","targetHints":{"allow":["GET"]}}],"collection":[{"href":"https:\/\/lotussailing.com\/nl\/wp-json\/wp\/v2\/pages"}],"about":[{"href":"https:\/\/lotussailing.com\/nl\/wp-json\/wp\/v2\/types\/page"}],"author":[{"embeddable":true,"href":"https:\/\/lotussailing.com\/nl\/wp-json\/wp\/v2\/users\/1"}],"replies":[{"embeddable":true,"href":"https:\/\/lotussailing.com\/nl\/wp-json\/wp\/v2\/comments?post=118801"}],"version-history":[{"count":65,"href":"https:\/\/lotussailing.com\/nl\/wp-json\/wp\/v2\/pages\/118801\/revisions"}],"predecessor-version":[{"id":122845,"href":"https:\/\/lotussailing.com\/nl\/wp-json\/wp\/v2\/pages\/118801\/revisions\/122845"}],"wp:attachment":[{"href":"https:\/\/lotussailing.com\/nl\/wp-json\/wp\/v2\/media?parent=118801"}],"curies":[{"name":"wp","href":"https:\/\/api.w.org\/{rel}","templated":true}]}}