{"id":118885,"date":"2023-04-11T05:46:13","date_gmt":"2023-04-11T05:46:13","guid":{"rendered":"https:\/\/lotussailing.com\/aanbod-zeilreizen\/"},"modified":"2025-06-24T17:11:26","modified_gmt":"2025-06-24T17:11:26","slug":"segeltoerns","status":"publish","type":"page","link":"https:\/\/lotussailing.com\/de\/segeltoerns\/","title":{"rendered":"Segelreisen"},"content":{"rendered":"<div class=\"wpb-content-wrapper\"><p>[vc_row][vc_column width=&#8220;1\/2&#8243;][vc_empty_space empty_h=&#8220;1&#8243;][vc_column_text text_lead=&#8220;yes&#8220; uncode_shortcode_id=&#8220;212922&#8243;]<\/p>\n<h1>EINEN ODER MEHRERE TAGE AUF EINEM ANTIKEN TJALK ODER CLIPPER SEGELN<\/h1>\n<p>Wo der eine Wochen an Bord genie\u00dfen kann, freut sich der andere schon nach einem oder wenigen Tagen darauf. Segeln muss nicht in Ihrem Herzen sein, um l\u00e4nger oder k\u00fcrzer zu segeln. Es macht allen Spa\u00df, von jung bis alt und Sie entscheiden, wie lange Sie das tun m\u00f6chten. Deshalb haben wir Standard- und kundenspezifische Pakete.[\/vc_column_text][\/vc_column][vc_column width=&#8220;1\/2&#8243;][vc_gallery el_id=&#8220;gallery-667893&#8243; type=&#8220;carousel&#8220; medias=&#8220;118786,118743,118700,118608,118587,118584,118560,118536,118488,118476,118470,118452,118446&#8243; carousel_lg=&#8220;1&#8243; carousel_md=&#8220;1&#8243; carousel_sm=&#8220;1&#8243; thumb_size=&#8220;four-three&#8220; gutter_size=&#8220;3&#8243; carousel_interval=&#8220;3000&#8243; carousel_navspeed=&#8220;400&#8243; carousel_loop=&#8220;yes&#8220; carousel_nav=&#8220;yes&#8220; stage_padding=&#8220;0&#8243; single_overlay_opacity=&#8220;50&#8243; single_padding=&#8220;2&#8243; uncode_shortcode_id=&#8220;189960&#8243;][\/vc_column][\/vc_row][vc_row row_height_percent=&#8220;0&#8243; overlay_alpha=&#8220;50&#8243; gutter_size=&#8220;3&#8243; column_width_percent=&#8220;100&#8243; shift_y=&#8220;0&#8243; z_index=&#8220;0&#8243; enable_bottom_divider=&#8220;default&#8220; bottom_divider=&#8220;waves&#8220; shape_bottom_h_use_pixel=&#8220;&#8220; shape_bottom_height=&#8220;150&#8243; shape_bottom_opacity=&#8220;100&#8243; shape_bottom_index=&#8220;0&#8243; uncode_shortcode_id=&#8220;769512&#8243; shape_bottom_color_type=&#8220;uncode-solid&#8220; shape_bottom_color_solid=&#8220;#f7f7f7&#8243; css=&#8220;.vc_custom_1681199585840{padding-bottom: 100px !important;}&#8220;][vc_column width=&#8220;1\/1&#8243;][vc_custom_heading separator=&#8220;yes&#8220; uncode_shortcode_id=&#8220;194524&#8243;]<\/p>\n<p style=\"text-align: center;\">UNSERE STANDARDPAKETE<\/p>\n<p>[\/vc_custom_heading][\/vc_column][\/vc_row][vc_row row_height_percent=&#8220;0&#8243; overlay_alpha=&#8220;50&#8243; gutter_size=&#8220;3&#8243; column_width_percent=&#8220;100&#8243; shift_y=&#8220;0&#8243; z_index=&#8220;0&#8243; uncode_shortcode_id=&#8220;192304&#8243; back_color_type=&#8220;uncode-solid&#8220; back_color_solid=&#8220;#f7f7f7&#8243; css=&#8220;.vc_custom_1681199608527{padding-top: 60px !important;padding-bottom: 60px !important;}&#8220;][vc_column width=&#8220;1\/2&#8243;][vc_column_text text_lead=&#8220;yes&#8220; uncode_shortcode_id=&#8220;187745&#8243;]<\/p>\n<h3>EIN TAGESAUSFLUG AUF DAS WATTENMEER ODER DAS IJSSELMEER<\/h3>\n<p>Tagesausfl\u00fcge beginnen gegen 10 Uhr morgens und dauern bis zum Ende des Nachmittags. Es sei denn, Sie m\u00f6chten ein ausgiebiges Barbecue oder Abendessen an Bord genie\u00dfen. Wir segeln von Harlingen oder Enkhuizen und entscheiden im Voraus, welche Orte in das Tagesprogramm passen.<\/p>\n<p>F\u00fcr Kulturliebhaber ist es zum Beispiel das Freilichtmuseum Batavialand in Lelystad oder wir k\u00f6nnen die traditionelle VOC-Hafenstadt Hoorn besuchen, wo eine originalgetreue Nachbildung aus dem Jahr 1600 zu finden ist.<\/p>\n<p>Naturliebhaber k\u00f6nnen sich bei einer gef\u00fchrten Wanderung auf dem Marker Wadden verw\u00f6hnen lassen. Hier erfahren Sie alles \u00fcber die Flora und Fauna dieses neuen Naturschutzgebietes.<\/p>\n<p>F\u00fcr die Segler oder diejenigen, die es lernen wollen, beginnt das Segelabenteuer, sobald sich die Festmacherleinen l\u00f6sen. Mit dem Ziel \u201eder Horizont\u201c wird der Tag so aktiv, wie Sie es sich w\u00fcnschen.<\/p>\n<p>Ein Tagesausflug ab Harlingen kann aus einem Besuch der Watteninseln Terschelling oder Vlieland bestehen. Bei g\u00fcnstigem Wasserstand k\u00f6nnen Sie auch auf eine der vielen Sandb\u00e4nke wandern oder eine D\u00fcnenwanderung oder Radtour unternehmen. Nat\u00fcrlich k\u00f6nnen Sie auch an Bord bleiben und beim Faulenzen die Aussicht genie\u00dfen.[\/vc_column_text][vc_button button_color=&#8220;color-jevc&#8220; size=&#8220;btn-lg&#8220; radius=&#8220;btn-default-shape&#8220; hover_fx=&#8220;outlined&#8220; border_width=&#8220;0&#8243; link=&#8220;url:https%3A%2F%2Flotussailing.com%2Fde%2Fkontakt%2F|title:Kontakt|&#8220; button_color_type=&#8220;uncode-palette&#8220; uncode_shortcode_id=&#8220;111473&#8243;]Buchen Sie jetzt ab \u20ac60,&#8211; p.P[\/vc_button][\/vc_column][vc_column width=&#8220;1\/2&#8243;][vc_single_image media=&#8220;118422&#8243; media_width_percent=&#8220;100&#8243; uncode_shortcode_id=&#8220;424764&#8243;][\/vc_column][\/vc_row][vc_row row_height_percent=&#8220;0&#8243; overlay_alpha=&#8220;50&#8243; gutter_size=&#8220;3&#8243; column_width_percent=&#8220;100&#8243; shift_y=&#8220;0&#8243; z_index=&#8220;0&#8243; enable_top_divider=&#8220;default&#8220; top_divider=&#8220;waves&#8220; shape_top_h_use_pixel=&#8220;&#8220; shape_top_height=&#8220;150&#8243; shape_top_opacity=&#8220;100&#8243; shape_top_index=&#8220;0&#8243; enable_bottom_divider=&#8220;default&#8220; bottom_divider=&#8220;hills&#8220; shape_bottom_h_use_pixel=&#8220;&#8220; shape_bottom_height=&#8220;150&#8243; shape_bottom_opacity=&#8220;100&#8243; shape_bottom_index=&#8220;0&#8243; uncode_shortcode_id=&#8220;202804&#8243; shape_top_color_type=&#8220;uncode-solid&#8220; shape_top_color_solid=&#8220;#f7f7f7&#8243; css=&#8220;.vc_custom_1681199651041{padding-top: 180px !important;padding-bottom: 160px !important;}&#8220; shape_bottom_color_type=&#8220;uncode-solid&#8220; shape_bottom_color_solid=&#8220;#f7f7f7&#8243;][vc_column width=&#8220;1\/1&#8243;][vc_column_text text_lead=&#8220;yes&#8220; uncode_shortcode_id=&#8220;947387&#8243;]<\/p>\n<h2 style=\"text-align: center;\">SEGELN SIE EIN WOCHENENDE ODER EINE WOCHE<\/h2>\n<p style=\"text-align: center;\">Mehr Tage an Bord bedeuten nicht nur mehr Sehen und Erleben, sondern auch, dass Sie mehr \u00fcber das Segeln und das Wattenmeer oder das IJsselmeer erfahren. W\u00e4hrend eines mehrt\u00e4gigen Segelt\u00f6rns k\u00f6nnen Sie alle Watteninseln besuchen und nachts in einer klaren Nacht unter dem Sternenhimmel segeln.<\/p>\n<p style=\"text-align: center;\"><img decoding=\"async\" class=\"alignnone size-full wp-image-118697\" src=\"https:\/\/lotussailing.com\/wp-content\/uploads\/2023\/04\/comfort.jpg\" alt=\"\" width=\"960\" height=\"240\" srcset=\"https:\/\/lotussailing.com\/wp-content\/uploads\/2023\/04\/comfort.jpg 960w, https:\/\/lotussailing.com\/wp-content\/uploads\/2023\/04\/comfort-300x75.jpg 300w, https:\/\/lotussailing.com\/wp-content\/uploads\/2023\/04\/comfort-768x192.jpg 768w, https:\/\/lotussailing.com\/wp-content\/uploads\/2023\/04\/comfort-350x88.jpg 350w\" sizes=\"(max-width: 960px) 100vw, 960px\" \/><\/p>\n<p style=\"text-align: center;\">Was Sie sehen k\u00f6nnen und wo wir anlegen, h\u00e4ngt von unserem gemeinsamen Plan, den wechselnden Winden und Gezeiten ab. Deshalb kann sich ein mehrt\u00e4giger Segelt\u00f6rn jeden Tag \u00e4ndern, denn wir wollen den Wind in unseren Segeln behalten.<\/p>\n<p>[\/vc_column_text][\/vc_column][\/vc_row][vc_row row_height_percent=&#8220;0&#8243; overlay_alpha=&#8220;50&#8243; gutter_size=&#8220;3&#8243; column_width_percent=&#8220;100&#8243; shift_y=&#8220;0&#8243; z_index=&#8220;0&#8243; uncode_shortcode_id=&#8220;901675&#8243; back_color_type=&#8220;uncode-solid&#8220; back_color_solid=&#8220;#f7f7f7&#8243; css=&#8220;.vc_custom_1681199661301{padding-top: 60px !important;}&#8220;][vc_column width=&#8220;1\/2&#8243;][vc_column_text text_lead=&#8220;yes&#8220; uncode_shortcode_id=&#8220;184170&#8243;]<\/p>\n<h3>EIN WOCHENENDE AN BORD EINES AUTHENTISCHEN SEGELSCHIFFES<\/h3>\n<p>W\u00e4hrend eines Wochenendausflugs gehen Sie normalerweise am Freitagabend an Bord und wir legen am Sonntagnachmittag wieder in Harlingen oder Enkhuizen an.<\/p>\n<p>Am Samstagmorgen werden zun\u00e4chst die Wettervorhersage und Windprognosen ausgetauscht, um festzustellen, welcher Kurs gesegelt werden kann. Nachdem die Festmacherleinen entladen sind, segeln wir zu einer der Watteninseln oder \u00fcberqueren das IJsselmeer auf unserem Weg zu einer der vielen Hafenst\u00e4dte.[\/vc_column_text][vc_button button_color=&#8220;color-jevc&#8220; size=&#8220;btn-lg&#8220; radius=&#8220;btn-default-shape&#8220; hover_fx=&#8220;outlined&#8220; border_width=&#8220;0&#8243; link=&#8220;url:https%3A%2F%2Flotussailing.com%2Fde%2Fkontakt%2F|title:Kontakt|&#8220; button_color_type=&#8220;uncode-palette&#8220; uncode_shortcode_id=&#8220;572463&#8243;]Buchen Sie jetzt ab \u20ac240,&#8211; p.P[\/vc_button][\/vc_column][vc_column width=&#8220;1\/2&#8243;][vc_single_image media=&#8220;118443&#8243; media_width_percent=&#8220;100&#8243; uncode_shortcode_id=&#8220;293500&#8243;][\/vc_column][\/vc_row][vc_row row_height_percent=&#8220;0&#8243; overlay_alpha=&#8220;50&#8243; gutter_size=&#8220;3&#8243; column_width_percent=&#8220;100&#8243; shift_y=&#8220;0&#8243; z_index=&#8220;0&#8243; uncode_shortcode_id=&#8220;573665&#8243; back_color_type=&#8220;uncode-solid&#8220; back_color_solid=&#8220;#f7f7f7&#8243;][vc_column width=&#8220;1\/2&#8243;][vc_column_text text_lead=&#8220;yes&#8220; uncode_shortcode_id=&#8220;101705&#8243;]<\/p>\n<h3>EINE WOCHE ODER L\u00c4NGER URLAUB IM EIGENEN LAND<\/h3>\n<p>F\u00fcr echte Segel- und Naturliebhaber ist es ein Vergn\u00fcgen, eine Woche oder l\u00e4nger in Ihrem eigenen Land auf einem unserer authentischen Segelschiffe zu verbringen. Bei dieser Wanderung \u00fcber das Wattenmeer wird jeder Tag von wechselnden Gezeiten und Windrichtungen bestimmt. Der Gipfel des langsamen Reisens! Dank der endlosen Leidenschaft und Erfahrung des Kapit\u00e4ns, der Ihnen davon zu erz\u00e4hlen wei\u00df, werden Sie t\u00e4glich von der Sch\u00f6nheit der Natur und der reichen Geschichte des Wattenmeeres fasziniert sein.<\/p>\n<p>Segeln ab einer Woche ist ein Wechsel zwischen Natur, Kultur, Anstrengung und Entspannung. Sie fahren durch Kan\u00e4le, in die nur wenige andere Schiffe kommen k\u00f6nnen, und ankern abends auf offener See oder machen in einem der vielen H\u00e4fen fest. L\u00e4ngere Segelt\u00f6rns macht man gemeinsam. Sie, wir und das Segelschiff.[\/vc_column_text][vc_button button_color=&#8220;color-jevc&#8220; size=&#8220;btn-lg&#8220; radius=&#8220;btn-default-shape&#8220; hover_fx=&#8220;outlined&#8220; border_width=&#8220;0&#8243; link=&#8220;url:https%3A%2F%2Flotussailing.com%2Fde%2Fkontakt%2F|title:Kontakt|&#8220; button_color_type=&#8220;uncode-palette&#8220; uncode_shortcode_id=&#8220;118994&#8243;]Buchen Sie jetzt ab \u20ac 599,&#8211; p[\/vc_button][\/vc_column][vc_column width=&#8220;1\/2&#8243;][vc_single_image media=&#8220;118425&#8243; media_width_percent=&#8220;100&#8243; uncode_shortcode_id=&#8220;711921&#8243;][\/vc_column][\/vc_row][vc_row row_height_percent=&#8220;0&#8243; overlay_alpha=&#8220;50&#8243; gutter_size=&#8220;3&#8243; column_width_percent=&#8220;100&#8243; shift_y=&#8220;0&#8243; z_index=&#8220;0&#8243; enable_top_divider=&#8220;default&#8220; top_divider=&#8220;hills&#8220; shape_top_h_use_pixel=&#8220;&#8220; shape_top_height=&#8220;150&#8243; shape_top_opacity=&#8220;100&#8243; shape_top_index=&#8220;0&#8243; uncode_shortcode_id=&#8220;874280&#8243; css=&#8220;.vc_custom_1681199702050{padding-top: 140px !important;}&#8220; shape_top_color_type=&#8220;uncode-solid&#8220; shape_top_color_solid=&#8220;#f7f7f7&#8243;][vc_column width=&#8220;1\/1&#8243;][vc_column_text text_lead=&#8220;yes&#8220; uncode_shortcode_id=&#8220;172476&#8243;]<\/p>\n<h3 style=\"text-align: center;\">ANDERE M\u00d6GLICHKEITEN<\/h3>\n<p style=\"text-align: center;\">Segelboote sind ideal f\u00fcr Gruppen wie eine Schulklasse, Firmen, Vereine oder eine Gruppe von Freunden. Die Intimit\u00e4t des Segelschiffs bringt Menschen zusammen und schafft Verbindung. Auf oder ab Bord, denn gemeinsam hissen Sie die Segel oder st\u00fcrmen die Bars eines der vielen H\u00e4fen. Segeln ist f\u00fcr jeden etwas.<\/p>\n<p>[\/vc_column_text][vc_button button_color=&#8220;color-jevc&#8220; size=&#8220;btn-lg&#8220; radius=&#8220;btn-default-shape&#8220; hover_fx=&#8220;outlined&#8220; border_width=&#8220;0&#8243; link=&#8220;url:https%3A%2F%2Flotussailing.com%2Fde%2Fkontakt%2F|title:Kontakt|&#8220; button_color_type=&#8220;uncode-palette&#8220; uncode_shortcode_id=&#8220;172756&#8243; el_class=&#8220;centered&#8220;]Kontaktieren Sie uns, um die M\u00f6glichkeiten zu besprechen[\/vc_button][\/vc_column][\/vc_row][vc_row][vc_column width=&#8220;1\/1&#8243;][vc_empty_space empty_h=&#8220;1&#8243;][vc_custom_heading text_font=&#8220;font-377884&#8243; uncode_shortcode_id=&#8220;331748&#8243;]<\/p>\n<h3 class=\"has-text-align-center padding-top-md\" style=\"text-align: center;\">SONDERANGEBOTE UND LAST-MINUTE-ANGEBOTE<\/h3>\n<p>[\/vc_custom_heading][vc_empty_space empty_h=&#8220;1&#8243;][vc_row_inner][vc_column_inner width=&#8220;1\/3&#8243;][vc_single_image media=&#8220;122826&#8243; media_width_percent=&#8220;100&#8243; uncode_shortcode_id=&#8220;132512&#8243;][vc_column_text uncode_shortcode_id=&#8220;186731&#8243;]<\/p>\n<h4>BETRIEBSAUSFL\u00dcGE &amp; TAGESAUSFL\u00dcGE<\/h4>\n<ul>\n<li>Ganzj\u00e4hrig buchbar!<\/li>\n<li>Entdecken Sie d<a href=\"https:\/\/lotussailing.com\/de\/segeln-auf-der-ijsselmeer-oder-der-markermeer\/die-10-besten-dinge-die-man-bei-einem-betriebsausflug-auf-einem-segelschiff-tun-kann\/\">ie sch\u00f6nsten Aktivit\u00e4ten f\u00fcr einen Betriebsausflug an Bord<\/a><\/li>\n<li>Von der Randstad auf das IJsselmeer!<\/li>\n<li>Alles inklusive<\/li>\n<li>Ab \u20ac79,&#8211; p.P<\/li>\n<\/ul>\n<p>[\/vc_column_text][\/vc_column_inner][vc_column_inner width=&#8220;1\/3&#8243;][vc_single_image media=&#8220;122820&#8243; media_width_percent=&#8220;100&#8243; uncode_shortcode_id=&#8220;123692&#8243;][vc_column_text uncode_shortcode_id=&#8220;201163&#8243;]<\/p>\n<h4>OSTERWOCHENENDE SEGELN<\/h4>\n<ul>\n<li><a href=\"https:\/\/www.hollandsail.de\/mitsegelreisen\/16868\/segelkreuzfahrt-holland-woche-segeln-auf-dem-ijsselmeer-oder-auf-dem-wattenmeer?_gl=1*1rshtiy*_up*MQ..*_ga*ODU2MTUxNTUuMTc1MDcwNjA1Mg..*_ga_V0RHFQ92YZ*czE3NTA3MDYwNTIkbzEkZzEkdDE3NTA3MDYwNjAkajUyJGwwJGg4ODI3MDU0NzU.\" target=\"_blank\" rel=\"noopener\">Freitag 15 aug bis freitag, 22 aug. 2025<\/a><\/li>\n<li>8 Tage Segeln zu <a href=\"https:\/\/lotussailing.com\/nl\/zeilen-op-de-waddenzee\/de-leukste-stranden-rondom-de-nederlandse-waddeneilanden\/\">den sch\u00f6nsten Str\u00e4nden der Watteninseln<\/a><\/li>\n<li>Alles inklusive<\/li>\n<li>Ab \u20ac 785,&#8211; p.P<\/li>\n<\/ul>\n<p>[\/vc_column_text][\/vc_column_inner][vc_column_inner width=&#8220;1\/3&#8243;][vc_single_image media=&#8220;118783&#8243; media_width_percent=&#8220;100&#8243; uncode_shortcode_id=&#8220;283889&#8243;][vc_column_text uncode_shortcode_id=&#8220;460165&#8243;]<\/p>\n<h4>SEGELN EINE SOMMERWOCHE<\/h4>\n<ul>\n<li><a href=\"https:\/\/www.hollandsail.nl\/meezeilreizen\/16538\/week-zeilen-op-het-ijsselmeer-waddenzee\" target=\"_blank\" rel=\"noopener\">Freitag, 28. Juli bis Freitag, 4. August 2023<\/a><\/li>\n<li><a href=\"https:\/\/lotussailing.com\/nl\/zeilen-op-de-waddenzee\/met-volle-zeilen-op-de-waddenzee-meezeilen\/\">Segeln Sie mit vollen Segeln das Wattenmeer entlang<\/a><\/li>\n<li>Alles inklusive<\/li>\n<li>Ab \u20ac570,&#8211; p.P<\/li>\n<\/ul>\n<p>[\/vc_column_text][\/vc_column_inner][\/vc_row_inner][vc_button button_color=&#8220;color-jevc&#8220; size=&#8220;btn-lg&#8220; radius=&#8220;btn-default-shape&#8220; hover_fx=&#8220;outlined&#8220; border_width=&#8220;0&#8243; link=&#8220;url:https%3A%2F%2Flotussailing.com%2Fde%2Fkontakt%2F|title:Kontakt|&#8220; button_color_type=&#8220;uncode-palette&#8220; uncode_shortcode_id=&#8220;172756&#8243; el_class=&#8220;centered&#8220;]Kontaktieren Sie uns, um die M\u00f6glichkeiten zu besprechen[\/vc_button][vc_empty_space empty_h=&#8220;3&#8243;][\/vc_column][\/vc_row]<\/p>\n<\/div>","protected":false},"excerpt":{"rendered":"<p>[vc_row][vc_column width=&#8220;1\/2&#8243;][vc_empty_space empty_h=&#8220;1&#8243;][vc_column_text text_lead=&#8220;yes&#8220; uncode_shortcode_id=&#8220;212922&#8243;] EINEN ODER MEHRERE TAGE AUF EINEM ANTIKEN TJALK ODER CLIPPER SEGELN Wo der eine Wochen [&hellip;]<\/p>\n","protected":false},"author":1,"featured_media":0,"parent":0,"menu_order":0,"comment_status":"closed","ping_status":"closed","template":"","meta":{"footnotes":""},"class_list":["post-118885","page","type-page","status-publish","hentry"],"_links":{"self":[{"href":"https:\/\/lotussailing.com\/de\/wp-json\/wp\/v2\/pages\/118885","targetHints":{"allow":["GET"]}}],"collection":[{"href":"https:\/\/lotussailing.com\/de\/wp-json\/wp\/v2\/pages"}],"about":[{"href":"https:\/\/lotussailing.com\/de\/wp-json\/wp\/v2\/types\/page"}],"author":[{"embeddable":true,"href":"https:\/\/lotussailing.com\/de\/wp-json\/wp\/v2\/users\/1"}],"replies":[{"embeddable":true,"href":"https:\/\/lotussailing.com\/de\/wp-json\/wp\/v2\/comments?post=118885"}],"version-history":[{"count":15,"href":"https:\/\/lotussailing.com\/de\/wp-json\/wp\/v2\/pages\/118885\/revisions"}],"predecessor-version":[{"id":122849,"href":"https:\/\/lotussailing.com\/de\/wp-json\/wp\/v2\/pages\/118885\/revisions\/122849"}],"wp:attachment":[{"href":"https:\/\/lotussailing.com\/de\/wp-json\/wp\/v2\/media?parent=118885"}],"curies":[{"name":"wp","href":"https:\/\/api.w.org\/{rel}","templated":true}]}}