{"id":118876,"date":"2019-08-16T11:46:13","date_gmt":"2019-08-16T11:46:13","guid":{"rendered":"https:\/\/lotussailing.com\/creative-fitness\/"},"modified":"2025-06-24T17:10:35","modified_gmt":"2025-06-24T17:10:35","slug":"creative-fitness","status":"publish","type":"page","link":"https:\/\/lotussailing.com\/de\/","title":{"rendered":"Segeln auf dem Wattenmeer oder dem IJsselmeer"},"content":{"rendered":"<div class=\"wpb-content-wrapper\"><p>[vc_row row_height_percent=&#8220;100&#8243; override_padding=&#8220;yes&#8220; h_padding=&#8220;3&#8243; top_padding=&#8220;7&#8243; bottom_padding=&#8220;7&#8243; back_color=&#8220;color-nhtu&#8220; back_image=&#8220;118353&#8243; back_position=&#8220;center top&#8220; parallax=&#8220;yes&#8220; overlay_color=&#8220;color-nhtu&#8220; overlay_alpha=&#8220;15&#8243; gutter_size=&#8220;0&#8243; column_width_percent=&#8220;100&#8243; shift_y=&#8220;0&#8243; z_index=&#8220;0&#8243; enable_top_divider=&#8220;default&#8220; top_divider=&#8220;gradient&#8220; shape_top_h_use_pixel=&#8220;true&#8220; shape_top_height_percent=&#8220;100&#8243; shape_top_color=&#8220;color-nhtu&#8220; shape_top_opacity=&#8220;50&#8243; shape_top_index=&#8220;0&#8243; bottom_divider=&#8220;step_2_3&#8243; uncode_shortcode_id=&#8220;420223&#8243; back_color_type=&#8220;uncode-palette&#8220; overlay_color_type=&#8220;uncode-palette&#8220; shape_top_color_type=&#8220;uncode-palette&#8220;][vc_column column_width_percent=&#8220;100&#8243; position_vertical=&#8220;middle&#8220; gutter_size=&#8220;1&#8243; style=&#8220;dark&#8220; overlay_alpha=&#8220;50&#8243; shift_x=&#8220;0&#8243; shift_y=&#8220;-3&#8243; shift_y_down=&#8220;0&#8243; z_index=&#8220;0&#8243; align_medium=&#8220;align_center_tablet&#8220; medium_width=&#8220;0&#8243; align_mobile=&#8220;align_center_mobile&#8220; mobile_width=&#8220;0&#8243; width=&#8220;1\/1&#8243;][vc_custom_heading text_color=&#8220;color-xsdn&#8220; heading_semantic=&#8220;h5&#8243; text_size=&#8220;h4&#8243; text_weight=&#8220;800&#8243; text_transform=&#8220;uppercase&#8220; text_space=&#8220;fontspace-781688&#8243; sub_lead=&#8220;yes&#8220; sub_reduced=&#8220;yes&#8220; css_animation=&#8220;right-t-left&#8220; uncode_shortcode_id=&#8220;548216&#8243; text_color_type=&#8220;uncode-palette&#8220; el_id=&#8220;title-header&#8220;]Lotus Sailing[\/vc_custom_heading][vc_custom_heading text_color=&#8220;color-xsdn&#8220; text_font=&#8220;font-377884&#8243; text_size=&#8220;fontsize-155944&#8243; text_weight=&#8220;800&#8243; text_transform=&#8220;uppercase&#8220; text_height=&#8220;fontheight-179065&#8243; text_space=&#8220;fontspace-111509&#8243; text_italic=&#8220;yes&#8220; sub_lead=&#8220;yes&#8220; sub_reduced=&#8220;yes&#8220; css_animation=&#8220;zoom-out&#8220; animation_delay=&#8220;400&#8243; uncode_shortcode_id=&#8220;639749&#8243; text_color_type=&#8220;uncode-palette&#8220;]Segelt\u00f6rns auf dem Wattenmeer, dem IJsselmeer und den Gew\u00e4ssern um Amsterdam[\/vc_custom_heading][vc_empty_space][\/vc_column][\/vc_row][vc_row unlock_row_content=&#8220;yes&#8220; row_height_percent=&#8220;0&#8243; override_padding=&#8220;yes&#8220; h_padding=&#8220;0&#8243; top_padding=&#8220;0&#8243; bottom_padding=&#8220;0&#8243; overlay_alpha=&#8220;50&#8243; equal_height=&#8220;yes&#8220; gutter_size=&#8220;0&#8243; column_width_percent=&#8220;100&#8243; shift_y=&#8220;0&#8243; z_index=&#8220;0&#8243; enable_bottom_divider=&#8220;default&#8220; bottom_divider=&#8220;waves&#8220; shape_bottom_flip=&#8220;yes&#8220; shape_bottom_h_use_pixel=&#8220;&#8220; shape_bottom_height=&#8220;108&#8243; shape_bottom_opacity=&#8220;100&#8243; shape_bottom_index=&#8220;1&#8243; uncode_shortcode_id=&#8220;179881&#8243; shape_bottom_color_type=&#8220;uncode-solid&#8220; shape_bottom_color_solid=&#8220;#230d00&#8243;][vc_column column_width_percent=&#8220;100&#8243; gutter_size=&#8220;2&#8243; override_padding=&#8220;yes&#8220; column_padding=&#8220;5&#8243; style=&#8220;dark&#8220; back_color=&#8220;color-wayh&#8220; overlay_alpha=&#8220;50&#8243; shift_x=&#8220;0&#8243; shift_y=&#8220;0&#8243; shift_y_down=&#8220;0&#8243; z_index=&#8220;0&#8243; align_medium=&#8220;align_center_tablet&#8220; medium_width=&#8220;0&#8243; align_mobile=&#8220;align_center_mobile&#8220; mobile_width=&#8220;0&#8243; width=&#8220;1\/3&#8243;][uncode_counter value=&#8220;10000&#8243; counter_color=&#8220;&#8220; size=&#8220;fontsize-445851&#8243; weight=&#8220;800&#8243; height=&#8220;fontheight-179065&#8243; text_space=&#8220;fontspace-111509&#8243; text_italic=&#8220;yes&#8220; suffix=&#8220;+&#8220; uncode_shortcode_id=&#8220;168902&#8243;][vc_custom_heading heading_semantic=&#8220;h6&#8243; text_size=&#8220;h4&#8243; text_weight=&#8220;300&#8243; text_height=&#8220;fontheight-357766&#8243; uncode_shortcode_id=&#8220;388212&#8243;]Wir haben bereits mehr als 100 Segelt\u00f6rns f\u00fcr unsere Kunden organisiert. Jede Reise ist ein unvergessliches Erlebnis.[\/vc_custom_heading][vc_empty_space empty_h=&#8220;4&#8243;][vc_button size=&#8220;btn-link&#8220; custom_typo=&#8220;yes&#8220; font_family=&#8220;font-377884&#8243; font_weight=&#8220;800&#8243; text_transform=&#8220;uppercase&#8220; letter_spacing=&#8220;fontspace-210350&#8243; italic=&#8220;yes&#8220; icon_position=&#8220;right&#8220; icon=&#8220;fa fa-arrow-right4&#8243; link=&#8220;url:https%3A%2F%2Flotussailing.com%2Fde%2Fsegeltoerns%2F|title:Segelreisen&#8220; button_color_type=&#8220;uncode-solid&#8220; uncode_shortcode_id=&#8220;122215&#8243; button_color_solid=&#8220;#e82a2a&#8220;]Mehr \u00fcber Segelreisen[\/vc_button][vc_empty_space empty_h=&#8220;3&#8243;][\/vc_column][vc_column column_width_percent=&#8220;100&#8243; gutter_size=&#8220;2&#8243; override_padding=&#8220;yes&#8220; column_padding=&#8220;5&#8243; style=&#8220;dark&#8220; overlay_alpha=&#8220;50&#8243; shift_x=&#8220;0&#8243; shift_y=&#8220;0&#8243; shift_y_down=&#8220;0&#8243; z_index=&#8220;0&#8243; align_medium=&#8220;align_center_tablet&#8220; medium_width=&#8220;0&#8243; align_mobile=&#8220;align_center_mobile&#8220; mobile_width=&#8220;0&#8243; width=&#8220;1\/3&#8243; uncode_shortcode_id=&#8220;123483&#8243; back_color_type=&#8220;uncode-solid&#8220; back_color_solid=&#8220;#e82a2a&#8220;][uncode_counter value=&#8220;2&#8243; counter_color=&#8220;&#8220; size=&#8220;fontsize-445851&#8243; weight=&#8220;800&#8243; height=&#8220;fontheight-179065&#8243; text_space=&#8220;fontspace-111509&#8243; text_italic=&#8220;yes&#8220; uncode_shortcode_id=&#8220;900859&#8243;][vc_custom_heading heading_semantic=&#8220;h6&#8243; text_size=&#8220;h4&#8243; text_weight=&#8220;300&#8243; text_height=&#8220;fontheight-357766&#8243; uncode_shortcode_id=&#8220;189870&#8243;]Wir haben 2 Schiffe in unserer Flotte. Der Lotus und der Waterwolf. Jedes Schiff hat seine einzigartigen Eigenschaften und Qualit\u00e4ten.[\/vc_custom_heading][vc_empty_space empty_h=&#8220;4&#8243;][vc_button button_color=&#8220;color-xsdn&#8220; size=&#8220;btn-link&#8220; custom_typo=&#8220;yes&#8220; font_family=&#8220;font-377884&#8243; font_weight=&#8220;800&#8243; text_transform=&#8220;uppercase&#8220; letter_spacing=&#8220;fontspace-210350&#8243; italic=&#8220;yes&#8220; icon_position=&#8220;right&#8220; icon=&#8220;fa fa-arrow-right4&#8243; link=&#8220;url:https%3A%2F%2Flotussailing.com%2Fde%2Funsere-schiffe%2F|title:Unsere%20Schiffe|&#8220; button_color_type=&#8220;uncode-palette&#8220; uncode_shortcode_id=&#8220;734321&#8243;]Mehr \u00fcber unsere Schiffe[\/vc_button][vc_empty_space empty_h=&#8220;3&#8243;][\/vc_column][vc_column column_width_percent=&#8220;100&#8243; gutter_size=&#8220;2&#8243; override_padding=&#8220;yes&#8220; column_padding=&#8220;5&#8243; back_color=&#8220;color-xsdn&#8220; overlay_alpha=&#8220;50&#8243; shift_x=&#8220;0&#8243; shift_y=&#8220;0&#8243; shift_y_down=&#8220;0&#8243; z_index=&#8220;0&#8243; align_medium=&#8220;align_center_tablet&#8220; medium_width=&#8220;0&#8243; align_mobile=&#8220;align_center_mobile&#8220; mobile_width=&#8220;0&#8243; width=&#8220;1\/3&#8243;][uncode_counter value=&#8220;10000&#8243; counter_color=&#8220;&#8220; size=&#8220;fontsize-445851&#8243; weight=&#8220;800&#8243; height=&#8220;fontheight-179065&#8243; text_space=&#8220;fontspace-111509&#8243; text_italic=&#8220;yes&#8220; suffix=&#8220;+&#8220; uncode_shortcode_id=&#8220;116640&#8243;][vc_custom_heading heading_semantic=&#8220;h6&#8243; text_size=&#8220;h4&#8243; text_weight=&#8220;300&#8243; text_height=&#8220;fontheight-357766&#8243; uncode_shortcode_id=&#8220;830121&#8243;]Wir haben mehr als 10.000 km Segelt\u00f6rns absolviert. Genug Erfahrung, um Ihren Segelt\u00f6rn zu einem fantastischen Abenteuer zu machen.[\/vc_custom_heading][vc_empty_space empty_h=&#8220;4&#8243;][vc_button size=&#8220;btn-link&#8220; custom_typo=&#8220;yes&#8220; font_family=&#8220;font-377884&#8243; font_weight=&#8220;800&#8243; text_transform=&#8220;uppercase&#8220; letter_spacing=&#8220;fontspace-210350&#8243; italic=&#8220;yes&#8220; icon_position=&#8220;right&#8220; icon=&#8220;fa fa-arrow-right4&#8243; link=&#8220;url:https%3A%2F%2Flotussailing.com%2Fde%2Fblog%2F|title:Nachrichten%20%26amp%3B%20Informationen&#8220; uncode_shortcode_id=&#8220;181093&#8243; button_color_type=&#8220;uncode-solid&#8220; button_color_solid=&#8220;#e82a2a&#8220;]Nachrichten &amp; Informationen[\/vc_button][vc_empty_space empty_h=&#8220;3&#8243;][\/vc_column][\/vc_row][vc_row row_height_percent=&#8220;0&#8243; override_padding=&#8220;yes&#8220; h_padding=&#8220;3&#8243; top_padding=&#8220;7&#8243; bottom_padding=&#8220;7&#8243; back_image=&#8220;118739&#8243; overlay_alpha=&#8220;50&#8243; gutter_size=&#8220;0&#8243; column_width_percent=&#8220;100&#8243; shift_y=&#8220;0&#8243; z_index=&#8220;0&#8243; uncode_shortcode_id=&#8220;170255&#8243; back_color_type=&#8220;uncode-solid&#8220; back_color_solid=&#8220;#101213&#8243;][vc_column column_width_percent=&#8220;100&#8243; gutter_size=&#8220;0&#8243; style=&#8220;dark&#8220; overlay_alpha=&#8220;50&#8243; shift_x=&#8220;0&#8243; shift_y=&#8220;0&#8243; shift_y_down=&#8220;0&#8243; z_index=&#8220;0&#8243; align_medium=&#8220;align_center_tablet&#8220; medium_width=&#8220;0&#8243; align_mobile=&#8220;align_center_mobile&#8220; mobile_width=&#8220;0&#8243; width=&#8220;1\/1&#8243;][vc_column_text text_lead=&#8220;yes&#8220; uncode_shortcode_id=&#8220;103006&#8243;]<\/p>\n<h3><strong>URLAUB IN DEN NIEDERLANDEN<\/strong><\/h3>\n<p>Lotus Sailing bietet All-Inclusive-Segelreisen f\u00fcr Familie, Freunde oder Singles auf dem nat\u00fcrlichen Wattenmeer oder dem IJsselmeer mit seinen verschiedenen malerischen H\u00e4fen. Segeln Sie mit gehissten Segeln f\u00fcr ein Wochenende oder eine Woche und genie\u00dfen Sie einen Urlaub in Ihrem eigenen Land.[\/vc_column_text][vc_empty_space empty_h=&#8220;3&#8243;][vc_button button_color=&#8220;color-xsdn&#8220; size=&#8220;btn-link&#8220; custom_typo=&#8220;yes&#8220; font_family=&#8220;font-377884&#8243; font_weight=&#8220;800&#8243; text_transform=&#8220;uppercase&#8220; letter_spacing=&#8220;fontspace-210350&#8243; icon_position=&#8220;right&#8220; icon=&#8220;fa fa-arrow-right4&#8243; link=&#8220;url:https%3A%2F%2Flotussailing.com%2Fde%2Fsegeltoerns%2F|title:Segelreisen&#8220; button_color_type=&#8220;uncode-palette&#8220; uncode_shortcode_id=&#8220;131394&#8243;]Sehen Sie sich unsere Segelt\u00f6rns an[\/vc_button][\/vc_column][\/vc_row][vc_row row_height_percent=&#8220;75&#8243; override_padding=&#8220;yes&#8220; h_padding=&#8220;2&#8243; top_padding=&#8220;7&#8243; bottom_padding=&#8220;7&#8243; back_color=&#8220;color-xsdn&#8220; overlay_alpha=&#8220;15&#8243; gutter_size=&#8220;3&#8243; column_width_percent=&#8220;100&#8243; shift_y=&#8220;0&#8243; z_index=&#8220;0&#8243; enable_top_divider=&#8220;default&#8220; top_divider_inv=&#8220;waves&#8220; shape_top_invert=&#8220;yes&#8220; shape_top_flip=&#8220;yes&#8220; shape_top_h_use_pixel=&#8220;&#8220; shape_top_height=&#8220;108&#8243; shape_top_opacity=&#8220;100&#8243; shape_top_safe=&#8220;yes&#8220; shape_top_index=&#8220;0&#8243; enable_bottom_divider=&#8220;default&#8220; bottom_divider=&#8220;waves&#8220; shape_bottom_h_use_pixel=&#8220;&#8220; shape_bottom_height=&#8220;150&#8243; shape_bottom_opacity=&#8220;100&#8243; shape_bottom_index=&#8220;0&#8243; uncode_shortcode_id=&#8220;194797&#8243; back_color_type=&#8220;uncode-palette&#8220; shape_top_color_type=&#8220;uncode-solid&#8220; shape_top_color_solid=&#8220;#230d00&#8243; shape_bottom_color_type=&#8220;uncode-solid&#8220; shape_bottom_color_solid=&#8220;#f7f7f7&#8243; css=&#8220;.vc_custom_1681204620616{padding-bottom: 80px !important;}&#8220;][vc_column column_width_percent=&#8220;100&#8243; position_vertical=&#8220;middle&#8220; align_horizontal=&#8220;align_center&#8220; gutter_size=&#8220;3&#8243; style=&#8220;dark&#8220; overlay_alpha=&#8220;50&#8243; shift_x=&#8220;0&#8243; shift_y=&#8220;0&#8243; shift_y_down=&#8220;0&#8243; z_index=&#8220;0&#8243; medium_width=&#8220;0&#8243; mobile_width=&#8220;0&#8243; width=&#8220;2\/3&#8243;][vc_column_text text_lead=&#8220;yes&#8220; text_color=&#8220;color-jevc&#8220; uncode_shortcode_id=&#8220;172565&#8243; text_color_type=&#8220;uncode-palette&#8220;]<\/p>\n<h2><span style=\"color: #000000;\">WAS K\u00d6NNEN SIE AN BORD ERWARTEN?<\/span><\/h2>\n<p>Unsere Schiffe fahren nicht von alleine. Dabei brauchen wir immer eine helfende Hand. Aber bevor wir segeln gehen, trinken wir erst einmal ein sch\u00f6nes Getr\u00e4nk, wir zeigen Ihnen die Komb\u00fcse, den gemeinsamen Wohnbereich und Ihnen wird Ihre Kabine zugewiesen.<\/p>\n<p>Nach dem Segeln m\u00fcssen Sie nat\u00fcrlich nicht helfen, aber Sie k\u00f6nnen. Wir k\u00fcmmern uns darum, dass Sie genie\u00dfen. F\u00fcr den einen faulenzen an Deck und f\u00fcr den anderen die Kunst des Segelns entdecken.[\/vc_column_text][vc_empty_space empty_h=&#8220;1&#8243;][vc_button button_color=&#8220;color-jevc&#8220; size=&#8220;btn-link&#8220; custom_typo=&#8220;yes&#8220; font_family=&#8220;font-377884&#8243; font_weight=&#8220;800&#8243; text_transform=&#8220;uppercase&#8220; letter_spacing=&#8220;fontspace-210350&#8243; icon_position=&#8220;right&#8220; icon=&#8220;fa fa-arrow-right4&#8243; link=&#8220;url:https%3A%2F%2Flotussailing.com%2Fde%2Funsere-schiffe%2F|title:Unsere%20Schiffe|&#8220; button_color_type=&#8220;uncode-palette&#8220; uncode_shortcode_id=&#8220;748128&#8243;]Sehen Sie sich unsere Schiffe an[\/vc_button][\/vc_column][vc_column width=&#8220;1\/3&#8243;][vc_empty_space empty_h=&#8220;1&#8243;][vc_single_image media=&#8220;118572&#8243; media_width_percent=&#8220;100&#8243; uncode_shortcode_id=&#8220;152733&#8243;][\/vc_column][\/vc_row][vc_row row_height_percent=&#8220;0&#8243; overlay_alpha=&#8220;50&#8243; gutter_size=&#8220;3&#8243; column_width_percent=&#8220;100&#8243; shift_y=&#8220;0&#8243; z_index=&#8220;0&#8243; uncode_shortcode_id=&#8220;114910&#8243; back_color_type=&#8220;uncode-solid&#8220; back_color_solid=&#8220;#f7f7f7&#8243;][vc_column width=&#8220;1\/1&#8243;][vc_empty_space empty_h=&#8220;3&#8243;][vc_custom_heading text_font=&#8220;font-377884&#8243; uncode_shortcode_id=&#8220;882525&#8243;]<\/p>\n<h3>Blog<\/h3>\n<p>[\/vc_custom_heading][uncode_index el_id=&#8220;index-142069&#8243; loop=&#8220;size:3|order_by:date|post_type:post|taxonomy_count:10&#8243; screen_lg=&#8220;1000&#8243; screen_md=&#8220;600&#8243; screen_sm=&#8220;480&#8243; gutter_size=&#8220;3&#8243; post_items=&#8220;media|featured|onpost|original,title,date,text|excerpt,link|default|default_size&#8220; single_overlay_opacity=&#8220;50&#8243; single_padding=&#8220;2&#8243; single_title_family=&#8220;font-377884&#8243; uncode_shortcode_id=&#8220;500592&#8243;][vc_empty_space empty_h=&#8220;3&#8243;][\/vc_column][\/vc_row][vc_row unlock_row_content=&#8220;yes&#8220; row_height_percent=&#8220;0&#8243; override_padding=&#8220;yes&#8220; h_padding=&#8220;0&#8243; top_padding=&#8220;0&#8243; bottom_padding=&#8220;0&#8243; back_color=&#8220;color-wayh&#8220; overlay_alpha=&#8220;50&#8243; gutter_size=&#8220;3&#8243; column_width_percent=&#8220;100&#8243; shift_y=&#8220;0&#8243; z_index=&#8220;0&#8243; enable_bottom_divider=&#8220;default&#8220; bottom_divider=&#8220;hills&#8220; shape_bottom_h_use_pixel=&#8220;&#8220; shape_bottom_height=&#8220;108&#8243; shape_bottom_opacity=&#8220;100&#8243; shape_bottom_index=&#8220;1&#8243; uncode_shortcode_id=&#8220;172038&#8243; back_color_type=&#8220;uncode-palette&#8220; shape_bottom_color_type=&#8220;uncode-solid&#8220; shape_bottom_color_solid=&#8220;#f7f7f7&#8243;][vc_column width=&#8220;1\/1&#8243;][vc_gallery el_id=&#8220;gallery-105803&#8243; type=&#8220;carousel&#8220; medias=&#8220;118623,118608,118605,118602,118596,118590,118581,118566,118584,118554,118539,118560,118521,118503,118482,118491,118476,118446,118458,118425&#8243; carousel_lg=&#8220;6&#8243; carousel_md=&#8220;3&#8243; carousel_sm=&#8220;2&#8243; thumb_size=&#8220;three-four&#8220; gutter_size=&#8220;0&#8243; carousel_interval=&#8220;3000&#8243; carousel_navspeed=&#8220;400&#8243; carousel_loop=&#8220;yes&#8220; stage_padding=&#8220;0&#8243; single_overlay_opacity=&#8220;50&#8243; single_overlay_anim=&#8220;no&#8220; single_text_anim=&#8220;no&#8220; single_padding=&#8220;2&#8243; single_border=&#8220;yes&#8220; single_css_animation=&#8220;zoom-in&#8220; single_animation_first=&#8220;yes&#8220; uncode_shortcode_id=&#8220;124761&#8243;][\/vc_column][\/vc_row][vc_row row_height_percent=&#8220;0&#8243; override_padding=&#8220;yes&#8220; h_padding=&#8220;3&#8243; top_padding=&#8220;7&#8243; bottom_padding=&#8220;7&#8243; overlay_alpha=&#8220;50&#8243; gutter_size=&#8220;3&#8243; column_width_percent=&#8220;100&#8243; shift_y=&#8220;0&#8243; z_index=&#8220;0&#8243; bottom_divider=&#8220;tilt&#8220; uncode_shortcode_id=&#8220;210895&#8243; back_color_type=&#8220;uncode-solid&#8220; back_color_solid=&#8220;#f7f7f7&#8243; css=&#8220;.vc_custom_1681204681571{padding-top: 0px !important;padding-bottom: 0px !important;}&#8220;][vc_column column_width_percent=&#8220;100&#8243; align_horizontal=&#8220;align_center&#8220; gutter_size=&#8220;0&#8243; style=&#8220;light&#8220; overlay_alpha=&#8220;50&#8243; shift_x=&#8220;0&#8243; shift_y=&#8220;0&#8243; shift_y_down=&#8220;0&#8243; z_index=&#8220;0&#8243; medium_width=&#8220;0&#8243; mobile_width=&#8220;0&#8243; width=&#8220;2\/3&#8243; uncode_shortcode_id=&#8220;172813&#8243;][vc_column_text text_lead=&#8220;yes&#8220; uncode_shortcode_id=&#8220;175534&#8243;]<\/p>\n<h3>WILLKOMMEN AN BORD IN HARLINGEN ODER ENKHUZEN<\/h3>\n<p>Wir haben zwei antike Segelboote mit <a href=\"https:\/\/lotussailing.com\/nl\/zeilen-op-de-waddenzee\/havenstad-harlingen-poort-naar-het-wad\/\">Harlingen<\/a> und <a href=\"https:\/\/lotussailing.com\/nl\/zeilen-op-het-ijsselmeer-of-het-markermeer\/enkhuizen-haringstad-aan-het-ijsselmeer\/\">Enkhuizen<\/a> als Heimath\u00e4fen. Wenn Sie mit uns segeln, ist dies Ihr Einstiegspunkt. Unser Tjalk namens Lotus hat 20 Schlafpl\u00e4tze und unser Klipper Waterwolf hat 26 Schlafpl\u00e4tze.<\/p>\n<p>An Bord werden Sie von unserem Skipper Olaf oder Skipper Erik begr\u00fc\u00dft. Beide segeln seit mehr als 30 Jahren in niederl\u00e4ndischen Gew\u00e4ssern. Sie werden Sie daher endlos mit leidenschaftlichem Wissen und interessanten Fakten \u00fcber die niederl\u00e4ndische Flora und Fauna erm\u00fcden. Sie bringen Sie aber auch zu den unentdecktesten Orten, die das IJsselmeer und das Wattenmeer zu bieten haben.[\/vc_column_text][\/vc_column][vc_column width=&#8220;1\/3&#8243;][vc_single_image media=&#8220;118359&#8243; media_width_percent=&#8220;100&#8243; uncode_shortcode_id=&#8220;113062&#8243;][vc_single_image media=&#8220;118152&#8243; caption=&#8220;yes&#8220; media_width_percent=&#8220;100&#8243; uncode_shortcode_id=&#8220;102904&#8243;][\/vc_column][\/vc_row][vc_row unlock_row_content=&#8220;yes&#8220; row_height_percent=&#8220;0&#8243; override_padding=&#8220;yes&#8220; h_padding=&#8220;2&#8243; top_padding=&#8220;7&#8243; bottom_padding=&#8220;7&#8243; overlay_alpha=&#8220;50&#8243; gutter_size=&#8220;3&#8243; column_width_percent=&#8220;100&#8243; shift_y=&#8220;0&#8243; z_index=&#8220;0&#8243; enable_top_divider=&#8220;default&#8220; top_divider=&#8220;hills&#8220; shape_top_flip=&#8220;yes&#8220; shape_top_h_use_pixel=&#8220;&#8220; shape_top_height=&#8220;108&#8243; shape_top_opacity=&#8220;100&#8243; shape_top_safe=&#8220;yes&#8220; shape_top_index=&#8220;0&#8243; enable_bottom_divider=&#8220;default&#8220; bottom_divider=&#8220;hills&#8220; shape_bottom_h_use_pixel=&#8220;&#8220; shape_bottom_height=&#8220;150&#8243; shape_bottom_opacity=&#8220;100&#8243; shape_bottom_index=&#8220;0&#8243; uncode_shortcode_id=&#8220;121852&#8243; shape_top_color_type=&#8220;uncode-solid&#8220; shape_top_color_solid=&#8220;#f7f7f7&#8243; css=&#8220;.vc_custom_1681204876318{padding-bottom: 100px !important;}&#8220; shape_bottom_color_type=&#8220;uncode-solid&#8220; shape_bottom_color_solid=&#8220;#f7f7f7&#8243;][vc_column column_width_use_pixel=&#8220;yes&#8220; align_horizontal=&#8220;align_center&#8220; gutter_size=&#8220;3&#8243; style=&#8220;dark&#8220; overlay_alpha=&#8220;50&#8243; shift_x=&#8220;0&#8243; shift_y=&#8220;0&#8243; shift_y_down=&#8220;0&#8243; z_index=&#8220;0&#8243; medium_width=&#8220;0&#8243; mobile_width=&#8220;0&#8243; width=&#8220;1\/2&#8243; column_width_pixel=&#8220;1200&#8243;][vc_single_image media=&#8220;118743&#8243; media_width_percent=&#8220;100&#8243; uncode_shortcode_id=&#8220;116208&#8243;][\/vc_column][vc_column width=&#8220;1\/2&#8243;][vc_column_text uncode_shortcode_id=&#8220;179232&#8243;]<\/p>\n<h2>WAS MENSCHEN \u00dcBER UNS SAGEN:<\/h2>\n<blockquote><p>Wir segeln seit 5 Tagen mit unseren Kindern. Die Leidenschaft und das Wissen des Skippers und seiner Frau \u00fcber das Wattengebiet haben diesen Segelt\u00f6rn zu einem beispiellosen Erlebnis gemacht.<\/p>\n<p><cite>William &amp; Sanne<\/cite><\/p><\/blockquote>\n<p>&nbsp;<\/p>\n<blockquote><p>Was f\u00fcr eine unglaublich sch\u00f6ne Reise. Genossen 8 Tage auf dem Waterwolf mit unseren Freunden und unserer Familie. Geleitet von echten Experten mit all dem Wissen \u00fcber die Bereiche.<\/p>\n<p><cite>Eric &amp; Fien<\/cite><\/p><\/blockquote>\n<p>[\/vc_column_text][\/vc_column][\/vc_row][vc_row row_height_percent=&#8220;0&#8243; overlay_alpha=&#8220;50&#8243; gutter_size=&#8220;3&#8243; column_width_percent=&#8220;100&#8243; shift_y=&#8220;0&#8243; z_index=&#8220;0&#8243; top_divider=&#8220;waves&#8220; uncode_shortcode_id=&#8220;186296&#8243; back_color_type=&#8220;uncode-solid&#8220; back_color_solid=&#8220;#f7f7f7&#8243;][vc_column width=&#8220;1\/1&#8243;][vc_empty_space empty_h=&#8220;1&#8243;][vc_custom_heading text_font=&#8220;font-377884&#8243; uncode_shortcode_id=&#8220;331748&#8243;]<\/p>\n<h3 class=\"has-text-align-center padding-top-md\" style=\"text-align: center;\">SONDERANGEBOTE UND LAST-MINUTE-ANGEBOTE<\/h3>\n<p>[\/vc_custom_heading][vc_empty_space empty_h=&#8220;1&#8243;][vc_row_inner][vc_column_inner width=&#8220;1\/3&#8243;][vc_single_image media=&#8220;118786&#8243; media_width_percent=&#8220;100&#8243; uncode_shortcode_id=&#8220;121488&#8243;][vc_column_text uncode_shortcode_id=&#8220;101242&#8243;]<\/p>\n<h4>BETRIEBSAUSFL\u00dcGE &amp; TAGESAUSFL\u00dcGE<\/h4>\n<ul>\n<li>Ganzj\u00e4hrig buchbar!<\/li>\n<li>Von der Randstad auf das IJsselmeer!<\/li>\n<li>Alles inklusive<\/li>\n<li>Ab \u20ac79,&#8211; p.P<\/li>\n<\/ul>\n<p>[\/vc_column_text][\/vc_column_inner][vc_column_inner width=&#8220;1\/3&#8243;][vc_single_image media=&#8220;118780&#8243; media_width_percent=&#8220;100&#8243; uncode_shortcode_id=&#8220;196492&#8243;][vc_column_text uncode_shortcode_id=&#8220;175699&#8243;]<\/p>\n<h4>OSTERWOCHENENDE SEGELN<\/h4>\n<ul>\n<li><a href=\"https:\/\/www.sailing2gether.nl\/vakantie?reis=835https:\/\/www.hollandsail.nl\/meezeilreizen\/11672\/weekend-zeilen-op-het-ijsselmeer-waddenzee\" target=\"_blank\" rel=\"noopener\">Freitag, 7. bis Montag, 10. April 2023<\/a><\/li>\n<li>4 Tage Segeln zu <a href=\"https:\/\/lotussailing.com\/nl\/zeilen-op-de-waddenzee\/de-leukste-stranden-rondom-de-nederlandse-waddeneilanden\/\">den sch\u00f6nsten Str\u00e4nden der Watteninseln<\/a><\/li>\n<li>Alles inklusive<\/li>\n<li>Ab \u20ac 248,&#8211; p.P<\/li>\n<\/ul>\n<p>[\/vc_column_text][\/vc_column_inner][vc_column_inner width=&#8220;1\/3&#8243;][vc_single_image media=&#8220;118783&#8243; media_width_percent=&#8220;100&#8243; uncode_shortcode_id=&#8220;283889&#8243;][vc_column_text uncode_shortcode_id=&#8220;991876&#8243;]<\/p>\n<h4>SEGELN EINE SOMMERWOCHE<\/h4>\n<ul>\n<li><a href=\"https:\/\/www.hollandsail.nl\/meezeilreizen\/16538\/week-zeilen-op-het-ijsselmeer-waddenzee\" target=\"_blank\" rel=\"noopener\">Freitag, 28. Juli bis Freitag, 4. August 2023<\/a><\/li>\n<li><a href=\"https:\/\/lotussailing.com\/nl\/zeilen-op-de-waddenzee\/met-volle-zeilen-op-de-waddenzee-meezeilen\/\">Segeln Sie mit vollen Segeln das Wattenmeer entlang<\/a><\/li>\n<li>Alles inklusive<\/li>\n<li>Ab \u20ac570,&#8211; p.P<\/li>\n<\/ul>\n<p>[\/vc_column_text][\/vc_column_inner][\/vc_row_inner][vc_empty_space empty_h=&#8220;3&#8243;][vc_button border_width=&#8220;0&#8243; link=&#8220;url:https%3A%2F%2Flotussailing.com%2Fde%2Fkontakt%2F|title:Kontakt|&#8220; uncode_shortcode_id=&#8220;888472&#8243; el_class=&#8220;centered&#8220;]Kontaktieren Sie uns f\u00fcr weitere Informationen[\/vc_button][\/vc_column][\/vc_row]<\/p>\n<\/div>","protected":false},"excerpt":{"rendered":"<p>[vc_row row_height_percent=&#8220;100&#8243; override_padding=&#8220;yes&#8220; h_padding=&#8220;3&#8243; top_padding=&#8220;7&#8243; bottom_padding=&#8220;7&#8243; back_color=&#8220;color-nhtu&#8220; back_image=&#8220;118353&#8243; back_position=&#8220;center top&#8220; parallax=&#8220;yes&#8220; overlay_color=&#8220;color-nhtu&#8220; overlay_alpha=&#8220;15&#8243; gutter_size=&#8220;0&#8243; column_width_percent=&#8220;100&#8243; shift_y=&#8220;0&#8243; z_index=&#8220;0&#8243; enable_top_divider=&#8220;default&#8220; top_divider=&#8220;gradient&#8220; shape_top_h_use_pixel=&#8220;true&#8220; [&hellip;]<\/p>\n","protected":false},"author":1,"featured_media":0,"parent":0,"menu_order":0,"comment_status":"closed","ping_status":"closed","template":"","meta":{"footnotes":""},"class_list":["post-118876","page","type-page","status-publish","hentry"],"_links":{"self":[{"href":"https:\/\/lotussailing.com\/de\/wp-json\/wp\/v2\/pages\/118876","targetHints":{"allow":["GET"]}}],"collection":[{"href":"https:\/\/lotussailing.com\/de\/wp-json\/wp\/v2\/pages"}],"about":[{"href":"https:\/\/lotussailing.com\/de\/wp-json\/wp\/v2\/types\/page"}],"author":[{"embeddable":true,"href":"https:\/\/lotussailing.com\/de\/wp-json\/wp\/v2\/users\/1"}],"replies":[{"embeddable":true,"href":"https:\/\/lotussailing.com\/de\/wp-json\/wp\/v2\/comments?post=118876"}],"version-history":[{"count":14,"href":"https:\/\/lotussailing.com\/de\/wp-json\/wp\/v2\/pages\/118876\/revisions"}],"predecessor-version":[{"id":122660,"href":"https:\/\/lotussailing.com\/de\/wp-json\/wp\/v2\/pages\/118876\/revisions\/122660"}],"wp:attachment":[{"href":"https:\/\/lotussailing.com\/de\/wp-json\/wp\/v2\/media?parent=118876"}],"curies":[{"name":"wp","href":"https:\/\/api.w.org\/{rel}","templated":true}]}}